{"id":1926,"date":"2024-09-29T18:43:20","date_gmt":"2024-09-29T16:43:20","guid":{"rendered":"http:\/\/www.ib-gk.com\/de\/?page_id=1926"},"modified":"2025-10-08T13:57:27","modified_gmt":"2025-10-08T11:57:27","slug":"impressum","status":"publish","type":"page","link":"http:\/\/www.ib-gk.com\/de\/impressum\/","title":{"rendered":"Impressum"},"content":{"rendered":"\n<h3 class=\"wp-block-heading\" id=\"block-16fdf9bb-ba18-4675-8f8a-b92b00fdc3ba\"><strong>Ingenieurb\u00fcro Dr. Goubeaud &amp; K\u00f6hler GmbH<\/strong><\/h3>\n\n\n\n<p id=\"block-f5d587a3-ea42-46be-b744-75a14eb24773\">Deutschhausstra\u00dfe 19a<br>D \u2013 35037 Marburg<\/p>\n\n\n\n<p id=\"block-8c694340-798e-408c-82c7-7c218333dd35\">E-Mail: <a href=\"mailto: info@ib-gk.com\">info[at]ib-gk.com<\/a><\/p>\n\n\n\n<h4 class=\"wp-block-heading\" id=\"block-3fde31aa-cca3-4f3e-b7ab-cbe9d761e8fd\">Gesch\u00e4ftsf\u00fchrer<\/h4>\n\n\n\n<p id=\"block-c1f3dd29-9382-4b50-9be5-6af585872888\">Dr.-Ing. Maxime Goubeaud<br>Niklas K\u00f6hler, M. Sc.<\/p>\n\n\n\n<h4 class=\"wp-block-heading\" id=\"block-42397ca9-ed99-4dfb-952f-1ac81c9023a8\">Registergericht<\/h4>\n\n\n\n<p id=\"block-ed6a89c9-de75-43db-bb07-984e78ae5f07\">Amtsgericht Marburg<\/p>\n\n\n\n<h4 class=\"wp-block-heading\" id=\"block-d56731dc-95d6-4eed-87a9-2408c61b5827\">Registernummer<\/h4>\n\n\n\n<p id=\"block-d8c43be8-8b5f-42d5-be14-5c20f3505d82\">HRB 8436<\/p>\n\n\n\n<h4 class=\"wp-block-heading\" id=\"block-969aea7d-82f5-412a-900a-8f0a8ac1633d\">Umsatzsteuer- Identifikationsnummer<\/h4>\n\n\n\n<p id=\"block-52275d64-ceb4-43e6-b5c0-f07d237ed32b\">DE 367055854<\/p>\n\n\n\n<p id=\"block-437a2130-bf1b-438a-af48-6cb8348a72b4\"><\/p>\n\n\n\n<h4 class=\"wp-block-heading\" id=\"block-927e512f-235d-4c9b-805e-ebd6fadf4bf1\">Haftungshinweise<\/h4>\n\n\n\n<h5 class=\"wp-block-heading\" id=\"block-a5bdf307-dc10-4c18-b0ba-109426a2cc79\">Inhalt des Onlineangebotes<\/h5>\n\n\n\n<p id=\"block-479537b7-3baa-4770-92c1-522f1cb9a9ad\">Das <strong>Ingenieurb\u00fcro Dr. Goubeaud &amp; K\u00f6hler GmbH<\/strong> ist sehr darum bem\u00fcht, nur vollst\u00e4ndige und richtige Informationen auf ihrer Website zu ver\u00f6ffentlichen. Wir \u00fcbernehmen jedoch keinerlei Gew\u00e4hr f\u00fcr die Aktualit\u00e4t, Vollst\u00e4ndigkeit, Qualit\u00e4t oder Richtigkeit der bereitgestellten Informationen. Die Nutzung der Informationen liegt im alleinigen Verantwortungsbereich des Nutzers. Das <strong>Ingenieurb\u00fcro Dr. Goubeaud &amp; K\u00f6hler GmbH<\/strong> beh\u00e4lt es sich ausdr\u00fccklich vor, Teile der Seiten oder das gesamte Angebot ohne gesonderte Ank\u00fcndigung zu ver\u00e4ndern, zu erg\u00e4nzen, zu l\u00f6schen oder die Ver\u00f6ffentlichung zeitweise oder endg\u00fcltig einzustellen.<\/p>\n\n\n\n<h5 class=\"wp-block-heading\" id=\"block-f97c3e64-e387-4dd1-9812-ad8527753cf8\">Urheber- und Kennzeichenrecht<\/h5>\n\n\n\n<p id=\"block-209674e4-63e5-42dd-ba36-35339d71472c\">Die durch das <strong>Ingenieurb\u00fcro Dr. Goubeaud &amp; K\u00f6hler GmbH<\/strong> erstellten Objekte und Inhalte auf dieser Internetseite unterliegen dem deutschen Urheberrecht. Die private oder kommerzielle Verwendung, insbesondere die Ver\u00f6ffentlichung, Speicherung in Datenbanken sowie jede Form von gewerblicher Nutzung ist ohne Zustimmung der Rechteinhaberin untersagt. Soweit die Inhalte von anderen Autoren erstellt wurden, werden die Urheberrechte dieser beachtet.<\/p>\n\n\n\n<h5 class=\"wp-block-heading\" id=\"block-04d069f3-250e-41ab-ad9c-2e868e290c94\">Verweise und Links<\/h5>\n\n\n\n<p id=\"block-7dab1140-4c11-4def-bd12-652d3483c655\">Bei direkten oder indirekten Verweisen auf externe Internetseiten Dritter (\u201eLinks\u201c) ist stets der jeweilige Anbieter oder Betreiber der Seiten verantwortlich. Vor der Ver\u00f6ffentlichung dieser Links wurden die fremden Sites auf rechtswidrige Inhalte \u00fcberpr\u00fcft. Auf die aktuelle und zuk\u00fcnftige Gestaltung und die Inhalte dieser verlinkten Seiten hat das <strong>Ingenieurb\u00fcro Dr. Goubeaud &amp; K\u00f6hler GmbH<\/strong> keinerlei Einfluss und \u00fcbernimmt keinerlei Haftung f\u00fcr die Inhalte der Sites, auf die verwiesen wird. Bei Bekanntwerden von Rechtsverletzungen wird der entsprechende Link umgehend entfernt.<\/p>\n\n\n\n<h4 class=\"wp-block-heading\" id=\"block-ba26b9cb-0101-4119-af83-1887a2287a8f\">Disclaimer<\/h4>\n\n\n\n<h5 class=\"wp-block-heading\" id=\"block-da966688-7dcc-4d53-a060-9a81037eeab4\">Haftung f\u00fcr Inhalte<\/h5>\n\n\n\n<p id=\"block-63d000b6-e17c-4531-a5eb-c05ea140a9f2\">Die Inhalte unserer Seiten wurden mit gr\u00f6\u00dfter Sorgfalt erstellt. F\u00fcr die Richtigkeit, Vollst\u00e4ndigkeit und Aktualit\u00e4t der Inhalte k\u00f6nnen wir jedoch keine Gew\u00e4hr \u00fcbernehmen. Als Diensteanbieter sind wir gem\u00e4\u00df \u00a7 7 Abs.1 TMG f\u00fcr eigene Inhalte auf diesen Seiten nach den allgemeinen Gesetzen verantwortlich. Nach \u00a7\u00a7 8 bis 10 TMG sind wir als Diensteanbieter jedoch nicht verpflichtet, \u00fcbermittelte oder gespeicherte fremde Informationen zu \u00fcberwachen oder nach Umst\u00e4nden zu forschen, die auf eine rechtswidrige T\u00e4tigkeit hinweisen. Verpflichtungen zur Entfernung oder Sperrung der Nutzung von Informationen nach den allgemeinen Gesetzen bleiben hiervon unber\u00fchrt. Eine diesbez\u00fcgliche Haftung ist jedoch erst ab dem Zeitpunkt der Kenntnis einer konkreten Rechtsverletzung m\u00f6glich. Bei Bekanntwerden von entsprechenden Rechtsverletzungen werden wir diese Inhalte umgehend entfernen.<\/p>\n\n\n\n<h5 class=\"wp-block-heading\" id=\"block-abff7ac3-efd3-4a99-8d32-9e9b600a9c23\">Haftung f\u00fcr Links<\/h5>\n\n\n\n<p id=\"block-7a4ee2f6-6faf-4f60-bca4-d344e9780666\">Unser Angebot enth\u00e4lt Links zu externen Webseiten Dritter, auf deren Inhalte wir keinen Einfluss haben. Deshalb k\u00f6nnen wir f\u00fcr diese fremden Inhalte auch keine Gew\u00e4hr \u00fcbernehmen. F\u00fcr die Inhalte der verlinkten Seiten ist stets der jeweilige Anbieter oder Betreiber der Seiten verantwortlich. Die verlinkten Seiten wurden zum Zeitpunkt der Verlinkung auf m\u00f6gliche Rechtsverst\u00f6\u00dfe \u00fcberpr\u00fcft. Rechtswidrige Inhalte waren zum Zeitpunkt der Verlinkung nicht erkennbar. Eine permanente inhaltliche Kontrolle der verlinkten Seiten ist jedoch ohne konkrete Anhaltspunkte einer Rechtsverletzung nicht zumutbar. Bei Bekanntwerden von Rechtsverletzungen werden wir derartige Links umgehend entfernen.<\/p>\n\n\n\n<h5 class=\"wp-block-heading\" id=\"block-f087c41e-f44f-49ca-ad7c-3602c6081d77\">Urheberrecht<\/h5>\n\n\n\n<p id=\"block-c199548f-14b2-493d-ae2a-ddf3bbb7ea6f\">Die durch die Seitenbetreiber erstellten Inhalte und Werke auf diesen Seiten unterliegen dem deutschen Urheberrecht. Die Vervielf\u00e4ltigung, Bearbeitung, Verbreitung und jede Art der Verwertung au\u00dferhalb der Grenzen des Urheberrechtes bed\u00fcrfen der schriftlichen Zustimmung des jeweiligen Autors bzw. Erstellers. Downloads und Kopien dieser Seite sind nur f\u00fcr den privaten, nicht kommerziellen Gebrauch gestattet. Soweit die Inhalte auf dieser Seite nicht vom Betreiber erstellt wurden, werden die Urheberrechte Dritter beachtet. Insbesondere werden Inhalte Dritter als solche gekennzeichnet. Die Kennzeichnung erfolgt sowohl in den Metadaten der jeweiligen Bilddateien, als auch im alternativ Text, im Bildtitel, in der Bildbeschriftung, im Dateinamen sowie in der Bildbeschreibung. Zus\u00e4tzlich werden nachfolgend alle verwendeten Stockmedien inklusive der Urheber gelistet.<\/p>\n\n\n\n<p>Verwendete Stockmedien von stock.adobe.com (Name des Urhebers \/ Bild-ID zur Wiedererkennung &#8211; Teil des Dateinamens \/ Herkunft des Mediums):<\/p>\n\n\n\n<ul class=\"wp-block-list\">\n<li>\u00a9 Chaosamran_Studio \/ #399040842 \/ stock.adobe.com<\/li>\n\n\n\n<li>\u00a9 Pixel-Shot \/ #426039252 \/ stock.adobe.com<\/li>\n\n\n\n<li>\u00a9 evening_tao \/ #194222484 \/ stock.adobe.com<\/li>\n\n\n\n<li>\u00a9 evening_tao \/ #336387902 \/ stock.adobe.com<\/li>\n\n\n\n<li>\u00a9 be free \/ #544372578 \/ stock.adobe.com<\/li>\n\n\n\n<li>\u00a9 Steffen \/ #333365556 \/ stock.adobe.com<\/li>\n\n\n\n<li>\u00a9 daizuoxin \/ #273123628 \/ stock.adobe.com<\/li>\n\n\n\n<li>\u00a9 suththirat \/ #474466400 \/ stock.adobe.com<\/li>\n\n\n\n<li>\u00a9 ARMMY PICCA \/ #486768918 \/ stock.adobe.com<\/li>\n\n\n\n<li>\u00a9 Looker_Studio \/ #327600525 \/ stock.adobe.com<\/li>\n\n\n\n<li>\u00a9 Ngampol \/ #265614059 \/ stock.adobe.com<\/li>\n\n\n\n<li>\u00a9 fotogestoeber \/ #121878015 \/ stock.adobe.com<\/li>\n<\/ul>\n\n\n\n<p>Verwendetes Videomaterial von youtube.com auf der Startseite:<\/p>\n\n\n\n<ul class=\"wp-block-list\">\n<li>Titel: No Copyright Video, Background, Green Screen, Motion Graphics, Animated Background, Copyright Free<\/li>\n\n\n\n<li>Urheber: @Freevideobacks &#8211; https:\/\/www.youtube.com\/@Freevideobacks<\/li>\n\n\n\n<li>Link zum original Video: https:\/\/www.youtube.com\/watch?v=2Gg6Seob5Mg<\/li>\n<\/ul>\n\n\n\n<p>Sollten Sie trotzdem auf eine Urheberrechtsverletzung aufmerksam werden, bitten wir um einen entsprechenden Hinweis. Bei Bekanntwerden von Rechtsverletzungen werden wir derartige Inhalte umgehend entfernen.<\/p>\n\n\n\n<h5 class=\"wp-block-heading\" id=\"block-ca28b4a0-4fd9-4ad2-92d7-4b68a9dcde1f\">Datenschutz<\/h5>\n\n\n\n<p id=\"block-ea5c3928-e518-4df3-a63a-920e051607d6\">Ausf\u00fchrliche Informationen zum Datenschutz finden Sie unter dem Men\u00fcpunkt <a href=\"http:\/\/www.ib-gk.com\/de\/datenschutzerklaerung\/\" data-type=\"page\" data-id=\"3\">Datenschutzerkl\u00e4rung<\/a>.<\/p>\n\n\n\n<p><\/p>\n","protected":false},"excerpt":{"rendered":"<p>Ingenieurb\u00fcro Dr. Goubeaud &amp; K\u00f6hler GmbH Deutschhausstra\u00dfe 19aD \u2013 35037 Marburg E-Mail: info[at]ib-gk.com Gesch\u00e4ftsf\u00fchrer Dr.-Ing. Maxime GoubeaudNiklas K\u00f6hler, M. Sc. Registergericht Amtsgericht Marburg Registernummer HRB 8436 Umsatzsteuer- Identifikationsnummer DE 367055854 Haftungshinweise Inhalt des Onlineangebotes Das Ingenieurb\u00fcro Dr. Goubeaud &amp; K\u00f6hler GmbH ist sehr darum bem\u00fcht, nur vollst\u00e4ndige und richtige Informationen auf ihrer Website zu ver\u00f6ffentlichen. [&hellip;]<\/p>\n","protected":false},"author":1,"featured_media":0,"parent":0,"menu_order":0,"comment_status":"closed","ping_status":"closed","template":"","meta":{"footnotes":""},"class_list":["post-1926","page","type-page","status-publish","hentry"],"blocksy_meta":{"has_hero_section":"default","styles_descriptor":{"styles":{"desktop":"","tablet":"","mobile":""},"google_fonts":[],"version":6},"content_style_source":"inherit","vertical_spacing_source":"inherit","content_area_spacing":"both"},"_links":{"self":[{"href":"http:\/\/www.ib-gk.com\/de\/wp-json\/wp\/v2\/pages\/1926","targetHints":{"allow":["GET"]}}],"collection":[{"href":"http:\/\/www.ib-gk.com\/de\/wp-json\/wp\/v2\/pages"}],"about":[{"href":"http:\/\/www.ib-gk.com\/de\/wp-json\/wp\/v2\/types\/page"}],"author":[{"embeddable":true,"href":"http:\/\/www.ib-gk.com\/de\/wp-json\/wp\/v2\/users\/1"}],"replies":[{"embeddable":true,"href":"http:\/\/www.ib-gk.com\/de\/wp-json\/wp\/v2\/comments?post=1926"}],"version-history":[{"count":1,"href":"http:\/\/www.ib-gk.com\/de\/wp-json\/wp\/v2\/pages\/1926\/revisions"}],"predecessor-version":[{"id":2005,"href":"http:\/\/www.ib-gk.com\/de\/wp-json\/wp\/v2\/pages\/1926\/revisions\/2005"}],"wp:attachment":[{"href":"http:\/\/www.ib-gk.com\/de\/wp-json\/wp\/v2\/media?parent=1926"}],"curies":[{"name":"wp","href":"https:\/\/api.w.org\/{rel}","templated":true}]}}